{"id":14,"date":"2024-11-20T15:23:19","date_gmt":"2024-11-20T14:23:19","guid":{"rendered":"https:\/\/www.eitmod.eu\/?page_id=14"},"modified":"2024-11-20T15:23:19","modified_gmt":"2024-11-20T14:23:19","slug":"eitmod-karol-gancarczyk","status":"publish","type":"page","link":"https:\/\/www.eitmod.eu\/?page_id=14","title":{"rendered":"eITmod Karol Gancarczyk"},"content":{"rendered":"\n<p>Cze\u015b\u0107, witaj na mojej stronie!<\/p>\n\n\n\n<p>Jestem do\u015bwiadczonym specjalist\u0105 ds. tworzenia i rozwoju oprogramowania, wsp\u00f3\u0142pracuj\u0105cym z wieloma firmami w zakresie projekt\u00f3w IT. Moja jednoosobowa dzia\u0142alno\u015b\u0107 gospodarcza skupia si\u0119 na dostarczaniu rozwi\u0105za\u0144 technologicznych, kt\u00f3re pomagaj\u0105 klientom przetwarza\u0107 i analizowa\u0107 dane w spos\u00f3b efektywny i precyzyjny.<\/p>\n\n\n\n<p>Posiadam bogate do\u015bwiadczenie w implementacji i rozwijaniu proces\u00f3w ETL (Extract, Transform, Load) przy u\u017cyciu narz\u0119dzi takich jak Informatica Power Center, IICS, Matillion, Oracle PL\/SQL oraz Snowflake. Specjalizuj\u0119 si\u0119 w projektowaniu i zarz\u0105dzaniu przep\u0142ywami danych, co pozwala mi zapewni\u0107, \u017ce dane s\u0105 zawsze dost\u0119pne i w\u0142a\u015bciwie przetworzone dla potrzeb biznesowych.<\/p>\n\n\n\n<p>M\u00f3j zakres kompetencji obejmuje r\u00f3wnie\u017c prac\u0119 z r\u00f3\u017cnego rodzaju bazami danych, takimi jak Oracle, MSSQL, DB2, MySQL oraz Snowflake, co pozwala mi dostosowywa\u0107 rozwi\u0105zania do indywidualnych potrzeb klient\u00f3w oraz zapewnia\u0107 stabilno\u015b\u0107 i wydajno\u015b\u0107 system\u00f3w.<\/p>\n\n\n\n<p>Wsp\u00f3\u0142pracuj\u0119 r\u00f3wnie\u017c w ramach zarz\u0105dzania wersjami danych z wykorzystaniem narz\u0119dzi takich jak SVN oraz Git, dzi\u0119ki czemu mog\u0119 skutecznie zarz\u0105dza\u0107 rozwojem oprogramowania w zespo\u0142ach.<\/p>\n\n\n\n<p>Dodatkowo posiadam do\u015bwiadczenie w zakresie orkiestracji proces\u00f3w z wykorzystaniem narz\u0119dzi Control-M, Apache Airflow oraz Amazon MWAA. Praca z tymi technologiami pozwala mi efektywnie organizowa\u0107 i monitorowa\u0107 z\u0142o\u017cone procesy przetwarzania danych, zapewniaj\u0105c ich ci\u0105g\u0142o\u015b\u0107 oraz bezawaryjno\u015b\u0107.<\/p>\n\n\n\n<p>Moim celem jest dostarczanie rozwi\u0105za\u0144, kt\u00f3re nie tylko spe\u0142niaj\u0105 potrzeby technologiczne moich klient\u00f3w, ale tak\u017ce przyczyniaj\u0105 si\u0119 do ich sukcesu biznesowego. Zapraszam do kontaktu, je\u015bli potrzebujesz wsparcia w zakresie budowy i optymalizacji proces\u00f3w przetwarzania danych lub rozwoju oprogramowania!<\/p>\n","protected":false},"excerpt":{"rendered":"<p>Cze\u015b\u0107, witaj na mojej stronie! Jestem do\u015bwiadczonym specjalist\u0105 ds. tworzenia i rozwoju oprogramowania, wsp\u00f3\u0142pracuj\u0105cym z wieloma firmami w zakresie projekt\u00f3w IT. Moja jednoosobowa dzia\u0142alno\u015b\u0107 gospodarcza skupia si\u0119 na dostarczaniu rozwi\u0105za\u0144 technologicznych, kt\u00f3re pomagaj\u0105 klientom przetwarza\u0107 i analizowa\u0107 dane w spos\u00f3b efektywny i precyzyjny. Posiadam bogate do\u015bwiadczenie w implementacji i rozwijaniu proces\u00f3w ETL (Extract, Transform, Load) [&hellip;]<\/p>\n","protected":false},"author":1,"featured_media":0,"parent":0,"menu_order":0,"comment_status":"closed","ping_status":"closed","template":"","meta":{"footnotes":""},"class_list":["post-14","page","type-page","status-publish","hentry"],"_links":{"self":[{"href":"https:\/\/www.eitmod.eu\/index.php?rest_route=\/wp\/v2\/pages\/14","targetHints":{"allow":["GET"]}}],"collection":[{"href":"https:\/\/www.eitmod.eu\/index.php?rest_route=\/wp\/v2\/pages"}],"about":[{"href":"https:\/\/www.eitmod.eu\/index.php?rest_route=\/wp\/v2\/types\/page"}],"author":[{"embeddable":true,"href":"https:\/\/www.eitmod.eu\/index.php?rest_route=\/wp\/v2\/users\/1"}],"replies":[{"embeddable":true,"href":"https:\/\/www.eitmod.eu\/index.php?rest_route=%2Fwp%2Fv2%2Fcomments&post=14"}],"version-history":[{"count":1,"href":"https:\/\/www.eitmod.eu\/index.php?rest_route=\/wp\/v2\/pages\/14\/revisions"}],"predecessor-version":[{"id":15,"href":"https:\/\/www.eitmod.eu\/index.php?rest_route=\/wp\/v2\/pages\/14\/revisions\/15"}],"wp:attachment":[{"href":"https:\/\/www.eitmod.eu\/index.php?rest_route=%2Fwp%2Fv2%2Fmedia&parent=14"}],"curies":[{"name":"wp","href":"https:\/\/api.w.org\/{rel}","templated":true}]}}